{"id":1300,"date":"2023-05-22T08:47:00","date_gmt":"2023-05-22T08:47:00","guid":{"rendered":"https:\/\/lavida-mallorca.com\/pie-de-imprenta"},"modified":"2024-05-27T10:28:30","modified_gmt":"2024-05-27T10:28:30","slug":"pie-de-imprenta","status":"publish","type":"page","link":"https:\/\/lavida-mallorca.com\/es\/pie-de-imprenta","title":{"rendered":"Pie de imprenta"},"content":{"rendered":"\t\t<div data-elementor-type=\"wp-page\" data-elementor-id=\"1300\" class=\"elementor elementor-1300 elementor-420\" data-elementor-post-type=\"page\">\n\t\t\t\t\t\t<section class=\"elementor-section elementor-top-section elementor-element elementor-element-4231b01e elementor-section-boxed elementor-section-height-default elementor-section-height-default\" data-id=\"4231b01e\" data-element_type=\"section\" data-e-type=\"section\">\n\t\t\t\t\t\t<div class=\"elementor-container elementor-column-gap-default\">\n\t\t\t\t\t<div class=\"elementor-column elementor-col-100 elementor-top-column elementor-element elementor-element-453d0a6\" data-id=\"453d0a6\" data-element_type=\"column\" data-e-type=\"column\">\n\t\t\t<div class=\"elementor-widget-wrap elementor-element-populated\">\n\t\t\t\t\t\t<div class=\"elementor-element elementor-element-670d917a elementor-widget elementor-widget-text-editor\" data-id=\"670d917a\" data-element_type=\"widget\" data-e-type=\"widget\" data-widget_type=\"text-editor.default\">\n\t\t\t\t<div class=\"elementor-widget-container\">\n\t\t\t\t\t\t\t\t\t<p><\/p>\n<p>LA VIDA Restaurante<\/p>\n<p>Ariane Rassai-Kirpalani<\/p>\n<p>Pol\u00edgono 18, 0<\/p>\n<p>07559 Son Servera<\/p>\n<p><br><\/p>\n<p><\/p>\n<p><strong>Restaurante<\/strong><\/p>\n<p><span class=\"WdYUQQ text-decoration-none text-strikethrough-none\">Passeig Pintor Miquel Vives | MA4032,  <\/span><\/p>\n<p><span class=\"WdYUQQ text-decoration-none text-strikethrough-none\">07559 Port Vell (Son Servera)<\/span><\/p>\n<p><\/p>\n<p><\/p>\n<p><strong>Contacto:<\/strong><\/p>\n<p><\/p>\n<p>Tel\u00e9fono: <span style=\"font-size: 16px;\">+34 971 520 100<\/span><br>Correo electr\u00f3nico: info@lavida-mallorca.com<\/p>\n<p><strong style=\"font-size: 16px;\">N\u00famero de identificaci\u00f3n fiscal:<\/strong><\/p>\n<p><\/p>\n<p>ESZ1649503V<br><\/p>\n<p><\/p>\n<p><strong>Referencia a la resoluci\u00f3n de litigios de la UE<\/strong><\/p>\n<p><\/p>\n<p>La Comisi\u00f3n Europea ofrece una plataforma para la resoluci\u00f3n de litigios en l\u00ednea (OS):&nbsp;<a href=\"http:\/\/ec.europa.eu\/consumers\/odr\">http:\/\/ec.europa.eu\/consumers\/odr<\/a><br>Encontrar\u00e1s nuestra direcci\u00f3n de correo electr\u00f3nico en el pie de imprenta de arriba.<\/p>\n<p><\/p>\n<p>Fuente:&nbsp;<em>\n  <a href=\"https:\/\/www.e-recht24.de\/\">eRecht24<\/a>\n<\/em><\/p>\n<p><\/p>\n<p><strong>Dise\u00f1ador web:<\/strong><\/p>\n<p><\/p>\n<p>Ghost Marketing Agency<\/p>\n<p><\/p>\n<p>Alexandra Kukret<\/p>\n<p><\/p>\n<p>Paseo Mar\u00edtimo 20<\/p>\n<p><\/p>\n<p>07560 Cala Millor<\/p>\n<p><\/p>\n<p>Islas Baleares, Espa\u00f1a<\/p>\n<p><\/p>\n<p>Tel: +49 (0) 170 90 37 234<\/p>\n<p><\/p>\n<figure class=\"wp-block-embed\"><\/figure>\n<p><\/p>\n<p><\/p>\n<h2 class=\"wp-block-heading\">Exclusi\u00f3n de responsabilidad<\/h2>\n<p><\/p>\n<p><strong>Responsabilidad por el contenido<\/strong><\/p>\n<p><\/p>\n<p>Como proveedor de servicios, estamos obligados seg\u00fan \u00a7 7 p\u00e1rrafo 1 TMG es responsable de su propio contenido en estas p\u00e1ginas de acuerdo con las leyes generales. Sin embargo, seg\u00fan los \u00a7\u00a7 8 a 10 de la TMG, como proveedor de servicios no estamos obligados a controlar la informaci\u00f3n de terceros transmitida o almacenada, ni a investigar circunstancias que indiquen una actividad ilegal. Esto no afecta a las obligaciones de eliminar o bloquear el uso de informaci\u00f3n de acuerdo con la legislaci\u00f3n general. Sin embargo, la responsabilidad a este respecto s\u00f3lo es posible a partir del momento en que se tiene conocimiento de una infracci\u00f3n concreta. Tan pronto como tengamos conocimiento de tales infracciones, eliminaremos este contenido inmediatamente.<\/p>\n<p><\/p>\n<p><strong>Responsabilidad de los enlaces<\/strong><\/p>\n<p><\/p>\n<p>Nuestro sitio web contiene enlaces a sitios web externos de terceros sobre cuyo contenido no tenemos ninguna influencia. Por lo tanto, no podemos aceptar ninguna responsabilidad por este contenido de terceros. El respectivo proveedor u operador de las p\u00e1ginas es siempre responsable del contenido de las p\u00e1ginas enlazadas. Las p\u00e1ginas enlazadas se comprobaron para detectar posibles infracciones legales en el momento de enlazarlas. Los contenidos ilegales no eran reconocibles en el momento del enlace. Sin embargo, la vigilancia permanente del contenido de las p\u00e1ginas enlazadas no es razonable sin pruebas concretas de una infracci\u00f3n. Si tenemos conocimiento de alguna infracci\u00f3n legal, eliminaremos dichos enlaces inmediatamente.<\/p>\n<p><\/p>\n<p><strong>Derechos de autor<\/strong><\/p>\n<p><\/p>\n<p>El contenido y las obras creadas por los operadores del sitio en estas p\u00e1ginas est\u00e1n sujetos a la legislaci\u00f3n alemana sobre derechos de autor. La reproducci\u00f3n, edici\u00f3n, distribuci\u00f3n y cualquier tipo de utilizaci\u00f3n fuera de los l\u00edmites de la ley de derechos de autor requieren el consentimiento por escrito del autor o creador respectivo. Las descargas y copias de este sitio s\u00f3lo est\u00e1n permitidas para uso privado y no comercial. En la medida en que el contenido de este sitio no haya sido creado por el operador, se respetan los derechos de autor de terceros. En particular, los contenidos de terceros se etiquetan como tales. Si, a pesar de todo, tuvieras conocimiento de una infracci\u00f3n de los derechos de autor, te rogamos que nos lo comuniques. Si tenemos conocimiento de alguna infracci\u00f3n legal, eliminaremos dicho contenido inmediatamente.<\/p>\n<p><\/p>\t\t\t\t\t\t\t\t<\/div>\n\t\t\t\t<\/div>\n\t\t\t\t\t<\/div>\n\t\t<\/div>\n\t\t\t\t\t<\/div>\n\t\t<\/section>\n\t\t\t\t<\/div>\n\t\t","protected":false},"excerpt":{"rendered":"<p>LA VIDA Restaurante Ariane Rassai-Kirpalani Pol\u00edgono 18, 0 07559 Son Servera Restaurante Passeig Pintor Miquel Vives | MA4032, 07559 Port Vell (Son Servera) Contacto: Tel\u00e9fono: +34 971 520 100Correo electr\u00f3nico: info@lavida-mallorca.com N\u00famero de identificaci\u00f3n fiscal: ESZ1649503V Referencia a la resoluci\u00f3n de litigios de la UE La Comisi\u00f3n Europea ofrece una plataforma para la resoluci\u00f3n de [&hellip;]<\/p>\n","protected":false},"author":1,"featured_media":0,"parent":0,"menu_order":0,"comment_status":"closed","ping_status":"closed","template":"","meta":{"site-sidebar-layout":"default","site-content-layout":"","ast-site-content-layout":"default","site-content-style":"default","site-sidebar-style":"default","ast-global-header-display":"","ast-banner-title-visibility":"","ast-main-header-display":"","ast-hfb-above-header-display":"","ast-hfb-below-header-display":"","ast-hfb-mobile-header-display":"","site-post-title":"","ast-breadcrumbs-content":"","ast-featured-img":"","footer-sml-layout":"","ast-disable-related-posts":"","theme-transparent-header-meta":"","adv-header-id-meta":"","stick-header-meta":"","header-above-stick-meta":"","header-main-stick-meta":"","header-below-stick-meta":"","astra-migrate-meta-layouts":"default","ast-page-background-enabled":"default","ast-page-background-meta":{"desktop":{"background-color":"","background-image":"","background-repeat":"repeat","background-position":"center center","background-size":"auto","background-attachment":"scroll","background-type":"","background-media":"","overlay-type":"","overlay-color":"","overlay-opacity":"","overlay-gradient":""},"tablet":{"background-color":"","background-image":"","background-repeat":"repeat","background-position":"center center","background-size":"auto","background-attachment":"scroll","background-type":"","background-media":"","overlay-type":"","overlay-color":"","overlay-opacity":"","overlay-gradient":""},"mobile":{"background-color":"","background-image":"","background-repeat":"repeat","background-position":"center center","background-size":"auto","background-attachment":"scroll","background-type":"","background-media":"","overlay-type":"","overlay-color":"","overlay-opacity":"","overlay-gradient":""}},"ast-content-background-meta":{"desktop":{"background-color":"var(--ast-global-color-5)","background-image":"","background-repeat":"repeat","background-position":"center center","background-size":"auto","background-attachment":"scroll","background-type":"","background-media":"","overlay-type":"","overlay-color":"","overlay-opacity":"","overlay-gradient":""},"tablet":{"background-color":"var(--ast-global-color-5)","background-image":"","background-repeat":"repeat","background-position":"center center","background-size":"auto","background-attachment":"scroll","background-type":"","background-media":"","overlay-type":"","overlay-color":"","overlay-opacity":"","overlay-gradient":""},"mobile":{"background-color":"var(--ast-global-color-5)","background-image":"","background-repeat":"repeat","background-position":"center center","background-size":"auto","background-attachment":"scroll","background-type":"","background-media":"","overlay-type":"","overlay-color":"","overlay-opacity":"","overlay-gradient":""}},"footnotes":""},"class_list":["post-1300","page","type-page","status-publish","hentry"],"yoast_head":"<!-- This site is optimized with the Yoast SEO plugin v27.5 - https:\/\/yoast.com\/product\/yoast-seo-wordpress\/ -->\n<title>Pie de imprenta - LA VIDA Restaurante, Mallorca<\/title>\n<meta name=\"robots\" content=\"index, follow, max-snippet:-1, max-image-preview:large, max-video-preview:-1\" \/>\n<link rel=\"canonical\" href=\"https:\/\/lavida-mallorca.com\/es\/pie-de-imprenta\" \/>\n<meta property=\"og:locale\" content=\"es_ES\" \/>\n<meta property=\"og:type\" content=\"article\" \/>\n<meta property=\"og:title\" content=\"Pie de imprenta - LA VIDA Restaurante, Mallorca\" \/>\n<meta property=\"og:description\" content=\"LA VIDA Restaurante Ariane Rassai-Kirpalani Pol\u00edgono 18, 0 07559 Son Servera Restaurante Passeig Pintor Miquel Vives | MA4032, 07559 Port Vell (Son Servera) Contacto: Tel\u00e9fono: +34 971 520 100Correo electr\u00f3nico: info@lavida-mallorca.com N\u00famero de identificaci\u00f3n fiscal: ESZ1649503V Referencia a la resoluci\u00f3n de litigios de la UE La Comisi\u00f3n Europea ofrece una plataforma para la resoluci\u00f3n de [&hellip;]\" \/>\n<meta property=\"og:url\" content=\"https:\/\/lavida-mallorca.com\/es\/pie-de-imprenta\" \/>\n<meta property=\"og:site_name\" content=\"LA VIDA Restaurante, Mallorca\" \/>\n<meta property=\"article:publisher\" content=\"https:\/\/www.facebook.com\/lavidamallorca\" \/>\n<meta property=\"article:modified_time\" content=\"2024-05-27T10:28:30+00:00\" \/>\n<meta name=\"twitter:card\" content=\"summary_large_image\" \/>\n<meta name=\"twitter:label1\" content=\"Tiempo de lectura\" \/>\n\t<meta name=\"twitter:data1\" content=\"3 minutos\" \/>\n<script type=\"application\/ld+json\" class=\"yoast-schema-graph\">{\"@context\":\"https:\\\/\\\/schema.org\",\"@graph\":[{\"@type\":\"WebPage\",\"@id\":\"https:\\\/\\\/lavida-mallorca.com\\\/es\\\/pie-de-imprenta\",\"url\":\"https:\\\/\\\/lavida-mallorca.com\\\/es\\\/pie-de-imprenta\",\"name\":\"Pie de imprenta - LA VIDA Restaurante, Mallorca\",\"isPartOf\":{\"@id\":\"https:\\\/\\\/lavida-mallorca.com\\\/es#website\"},\"datePublished\":\"2023-05-22T08:47:00+00:00\",\"dateModified\":\"2024-05-27T10:28:30+00:00\",\"breadcrumb\":{\"@id\":\"https:\\\/\\\/lavida-mallorca.com\\\/es\\\/pie-de-imprenta#breadcrumb\"},\"inLanguage\":\"es\",\"potentialAction\":[{\"@type\":\"ReadAction\",\"target\":[\"https:\\\/\\\/lavida-mallorca.com\\\/es\\\/pie-de-imprenta\"]}]},{\"@type\":\"BreadcrumbList\",\"@id\":\"https:\\\/\\\/lavida-mallorca.com\\\/es\\\/pie-de-imprenta#breadcrumb\",\"itemListElement\":[{\"@type\":\"ListItem\",\"position\":1,\"name\":\"Startseite\",\"item\":\"https:\\\/\\\/lavida-mallorca.com\\\/es\"},{\"@type\":\"ListItem\",\"position\":2,\"name\":\"Pie de imprenta\"}]},{\"@type\":\"WebSite\",\"@id\":\"https:\\\/\\\/lavida-mallorca.com\\\/es#website\",\"url\":\"https:\\\/\\\/lavida-mallorca.com\\\/es\",\"name\":\"LA VIDA Restaurante, Mallorca\",\"description\":\"Ausgew\u00e4hlte Weine &amp; mediterrane K\u00f6stlichhkeiten\",\"publisher\":{\"@id\":\"https:\\\/\\\/lavida-mallorca.com\\\/es#organization\"},\"potentialAction\":[{\"@type\":\"SearchAction\",\"target\":{\"@type\":\"EntryPoint\",\"urlTemplate\":\"https:\\\/\\\/lavida-mallorca.com\\\/es?s={search_term_string}\"},\"query-input\":{\"@type\":\"PropertyValueSpecification\",\"valueRequired\":true,\"valueName\":\"search_term_string\"}}],\"inLanguage\":\"es\"},{\"@type\":\"Organization\",\"@id\":\"https:\\\/\\\/lavida-mallorca.com\\\/es#organization\",\"name\":\"LA VIDA Restaurante, Mallorca\",\"url\":\"https:\\\/\\\/lavida-mallorca.com\\\/es\",\"logo\":{\"@type\":\"ImageObject\",\"inLanguage\":\"es\",\"@id\":\"https:\\\/\\\/lavida-mallorca.com\\\/es#\\\/schema\\\/logo\\\/image\\\/\",\"url\":\"http:\\\/\\\/lavida-mallorca.com\\\/wp-content\\\/uploads\\\/2023\\\/04\\\/cropped-La-Vida-Mallorca.png\",\"contentUrl\":\"http:\\\/\\\/lavida-mallorca.com\\\/wp-content\\\/uploads\\\/2023\\\/04\\\/cropped-La-Vida-Mallorca.png\",\"width\":512,\"height\":512,\"caption\":\"LA VIDA Restaurante, Mallorca\"},\"image\":{\"@id\":\"https:\\\/\\\/lavida-mallorca.com\\\/es#\\\/schema\\\/logo\\\/image\\\/\"},\"sameAs\":[\"https:\\\/\\\/www.facebook.com\\\/lavidamallorca\",\"https:\\\/\\\/www.instagram.com\\\/lavida_restaurante_mallorca\\\/\"]}]}<\/script>\n<!-- \/ Yoast SEO plugin. -->","yoast_head_json":{"title":"Pie de imprenta - LA VIDA Restaurante, Mallorca","robots":{"index":"index","follow":"follow","max-snippet":"max-snippet:-1","max-image-preview":"max-image-preview:large","max-video-preview":"max-video-preview:-1"},"canonical":"https:\/\/lavida-mallorca.com\/es\/pie-de-imprenta","og_locale":"es_ES","og_type":"article","og_title":"Pie de imprenta - LA VIDA Restaurante, Mallorca","og_description":"LA VIDA Restaurante Ariane Rassai-Kirpalani Pol\u00edgono 18, 0 07559 Son Servera Restaurante Passeig Pintor Miquel Vives | MA4032, 07559 Port Vell (Son Servera) Contacto: Tel\u00e9fono: +34 971 520 100Correo electr\u00f3nico: info@lavida-mallorca.com N\u00famero de identificaci\u00f3n fiscal: ESZ1649503V Referencia a la resoluci\u00f3n de litigios de la UE La Comisi\u00f3n Europea ofrece una plataforma para la resoluci\u00f3n de [&hellip;]","og_url":"https:\/\/lavida-mallorca.com\/es\/pie-de-imprenta","og_site_name":"LA VIDA Restaurante, Mallorca","article_publisher":"https:\/\/www.facebook.com\/lavidamallorca","article_modified_time":"2024-05-27T10:28:30+00:00","twitter_card":"summary_large_image","twitter_misc":{"Tiempo de lectura":"3 minutos"},"schema":{"@context":"https:\/\/schema.org","@graph":[{"@type":"WebPage","@id":"https:\/\/lavida-mallorca.com\/es\/pie-de-imprenta","url":"https:\/\/lavida-mallorca.com\/es\/pie-de-imprenta","name":"Pie de imprenta - LA VIDA Restaurante, Mallorca","isPartOf":{"@id":"https:\/\/lavida-mallorca.com\/es#website"},"datePublished":"2023-05-22T08:47:00+00:00","dateModified":"2024-05-27T10:28:30+00:00","breadcrumb":{"@id":"https:\/\/lavida-mallorca.com\/es\/pie-de-imprenta#breadcrumb"},"inLanguage":"es","potentialAction":[{"@type":"ReadAction","target":["https:\/\/lavida-mallorca.com\/es\/pie-de-imprenta"]}]},{"@type":"BreadcrumbList","@id":"https:\/\/lavida-mallorca.com\/es\/pie-de-imprenta#breadcrumb","itemListElement":[{"@type":"ListItem","position":1,"name":"Startseite","item":"https:\/\/lavida-mallorca.com\/es"},{"@type":"ListItem","position":2,"name":"Pie de imprenta"}]},{"@type":"WebSite","@id":"https:\/\/lavida-mallorca.com\/es#website","url":"https:\/\/lavida-mallorca.com\/es","name":"LA VIDA Restaurante, Mallorca","description":"Ausgew\u00e4hlte Weine &amp; mediterrane K\u00f6stlichhkeiten","publisher":{"@id":"https:\/\/lavida-mallorca.com\/es#organization"},"potentialAction":[{"@type":"SearchAction","target":{"@type":"EntryPoint","urlTemplate":"https:\/\/lavida-mallorca.com\/es?s={search_term_string}"},"query-input":{"@type":"PropertyValueSpecification","valueRequired":true,"valueName":"search_term_string"}}],"inLanguage":"es"},{"@type":"Organization","@id":"https:\/\/lavida-mallorca.com\/es#organization","name":"LA VIDA Restaurante, Mallorca","url":"https:\/\/lavida-mallorca.com\/es","logo":{"@type":"ImageObject","inLanguage":"es","@id":"https:\/\/lavida-mallorca.com\/es#\/schema\/logo\/image\/","url":"http:\/\/lavida-mallorca.com\/wp-content\/uploads\/2023\/04\/cropped-La-Vida-Mallorca.png","contentUrl":"http:\/\/lavida-mallorca.com\/wp-content\/uploads\/2023\/04\/cropped-La-Vida-Mallorca.png","width":512,"height":512,"caption":"LA VIDA Restaurante, Mallorca"},"image":{"@id":"https:\/\/lavida-mallorca.com\/es#\/schema\/logo\/image\/"},"sameAs":["https:\/\/www.facebook.com\/lavidamallorca","https:\/\/www.instagram.com\/lavida_restaurante_mallorca\/"]}]}},"_links":{"self":[{"href":"https:\/\/lavida-mallorca.com\/es\/wp-json\/wp\/v2\/pages\/1300","targetHints":{"allow":["GET"]}}],"collection":[{"href":"https:\/\/lavida-mallorca.com\/es\/wp-json\/wp\/v2\/pages"}],"about":[{"href":"https:\/\/lavida-mallorca.com\/es\/wp-json\/wp\/v2\/types\/page"}],"author":[{"embeddable":true,"href":"https:\/\/lavida-mallorca.com\/es\/wp-json\/wp\/v2\/users\/1"}],"replies":[{"embeddable":true,"href":"https:\/\/lavida-mallorca.com\/es\/wp-json\/wp\/v2\/comments?post=1300"}],"version-history":[{"count":9,"href":"https:\/\/lavida-mallorca.com\/es\/wp-json\/wp\/v2\/pages\/1300\/revisions"}],"predecessor-version":[{"id":1322,"href":"https:\/\/lavida-mallorca.com\/es\/wp-json\/wp\/v2\/pages\/1300\/revisions\/1322"}],"wp:attachment":[{"href":"https:\/\/lavida-mallorca.com\/es\/wp-json\/wp\/v2\/media?parent=1300"}],"curies":[{"name":"wp","href":"https:\/\/api.w.org\/{rel}","templated":true}]}}